{"id":5237,"date":"2017-12-01T14:17:23","date_gmt":"2017-12-01T13:17:23","guid":{"rendered":"https:\/\/www.hotelbellaigea.com\/family-hotel\/"},"modified":"2019-11-15T16:18:40","modified_gmt":"2019-11-15T15:18:40","slug":"familienhotels","status":"publish","type":"page","link":"https:\/\/www.hotelbellaigea.com\/de\/familienhotels\/","title":{"rendered":"Mit den Kindern am Meer war es noch nie so sch\u00f6n"},"content":{"rendered":"<div id='gallery-1' class='gallery galleryid-5237 gallery-columns-4 gallery-size-medium'><figure class='gallery-item'>\n\t\t\t<div class='gallery-icon landscape'>\n\t\t\t\t<a href='https:\/\/www.hotelbellaigea.com\/wp-content\/uploads\/2017\/12\/home-camera.jpg' data-size=\"900x600\"><img loading=\"lazy\" decoding=\"async\" width=\"640\" height=\"420\" src=\"https:\/\/www.hotelbellaigea.com\/wp-content\/uploads\/2017\/12\/home-camera-640x420.jpg\" class=\"attachment-medium size-medium\" alt=\"\" \/><\/a>\n\t\t\t<\/div><\/figure><figure class='gallery-item'>\n\t\t\t<div class='gallery-icon landscape'>\n\t\t\t\t<a href='https:\/\/www.hotelbellaigea.com\/wp-content\/uploads\/2017\/12\/home-bimbi.jpg' data-size=\"900x600\"><img loading=\"lazy\" decoding=\"async\" width=\"640\" height=\"420\" src=\"https:\/\/www.hotelbellaigea.com\/wp-content\/uploads\/2017\/12\/home-bimbi-640x420.jpg\" class=\"attachment-medium size-medium\" alt=\"\" \/><\/a>\n\t\t\t<\/div><\/figure><figure class='gallery-item'>\n\t\t\t<div class='gallery-icon landscape'>\n\t\t\t\t<a href='https:\/\/www.hotelbellaigea.com\/wp-content\/uploads\/2017\/12\/home-piscina.jpg' data-size=\"900x600\"><img loading=\"lazy\" decoding=\"async\" width=\"640\" height=\"420\" src=\"https:\/\/www.hotelbellaigea.com\/wp-content\/uploads\/2017\/12\/home-piscina-640x420.jpg\" class=\"attachment-medium size-medium\" alt=\"\" \/><\/a>\n\t\t\t<\/div><\/figure><figure class='gallery-item'>\n\t\t\t<div class='gallery-icon landscape'>\n\t\t\t\t<a href='https:\/\/www.hotelbellaigea.com\/wp-content\/uploads\/2017\/12\/home-colazione.jpg' data-size=\"900x600\"><img loading=\"lazy\" decoding=\"async\" width=\"640\" height=\"420\" src=\"https:\/\/www.hotelbellaigea.com\/wp-content\/uploads\/2017\/12\/home-colazione-640x420.jpg\" class=\"attachment-medium size-medium\" alt=\"\" \/><\/a>\n\t\t\t<\/div><\/figure>\n\t\t<\/div>\n\n<p>Das Team von Bella Igea denkt wirklich an all seine G\u00e4ste. Es sind Themenabende, welche reich an Unterhaltungsprogrammen sind, vorgesehen. Was gibt es Besseres als zusammen zu sein und neue freundliche Personen kennenzulernen?<\/p>\n<p>Im Bella Igea besteht auch die M\u00f6glichkeit an ergreifenden und interessanten Ausfl\u00fcgen in das Romagnolische Hinterland teilzunehmen, mit dem Bus, der vom Hotel zur Verf\u00fcgung gestellt wird. Des Weiteren k\u00f6nnen Sie die vereinbarten Verg\u00fcnstigungen f\u00fcr die Vergn\u00fcgungsparks der Zone, wie Mirabilandia, Aquafan und &#8222;Italia in Miniatura&#8220; (ein Freizeit- und Miniaturpark) in Anspruch nehmen.<\/p>\n","protected":false},"excerpt":{"rendered":"<p>Das Team von Bella Igea denkt wirklich an all seine G\u00e4ste. Es sind Themenabende, welche reich an Unterhaltungsprogrammen sind, vorgesehen. Was gibt es Besseres als zusammen zu sein und neue freundliche Personen kennenzulernen? Im Bella Igea besteht auch die M\u00f6glichkeit an ergreifenden und interessanten Ausfl\u00fcgen in das Romagnolische Hinterland teilzunehmen, mit dem Bus, der vom Hotel zur Verf\u00fcgung gestellt wird. Des Weiteren k\u00f6nnen Sie die vereinbarten Verg\u00fcnstigungen f\u00fcr die Vergn\u00fcgungsparks &#8230;<\/p>\n","protected":false},"author":1,"featured_media":0,"parent":0,"menu_order":0,"comment_status":"closed","ping_status":"closed","template":"","meta":{"_acf_changed":false},"class_list":["post-5237","page","type-page","status-publish","hentry"],"acf":[],"_links":{"self":[{"href":"https:\/\/www.hotelbellaigea.com\/de\/wp-json\/wp\/v2\/pages\/5237","targetHints":{"allow":["GET"]}}],"collection":[{"href":"https:\/\/www.hotelbellaigea.com\/de\/wp-json\/wp\/v2\/pages"}],"about":[{"href":"https:\/\/www.hotelbellaigea.com\/de\/wp-json\/wp\/v2\/types\/page"}],"author":[{"embeddable":true,"href":"https:\/\/www.hotelbellaigea.com\/de\/wp-json\/wp\/v2\/users\/1"}],"replies":[{"embeddable":true,"href":"https:\/\/www.hotelbellaigea.com\/de\/wp-json\/wp\/v2\/comments?post=5237"}],"version-history":[{"count":0,"href":"https:\/\/www.hotelbellaigea.com\/de\/wp-json\/wp\/v2\/pages\/5237\/revisions"}],"wp:attachment":[{"href":"https:\/\/www.hotelbellaigea.com\/de\/wp-json\/wp\/v2\/media?parent=5237"}],"curies":[{"name":"wp","href":"https:\/\/api.w.org\/{rel}","templated":true}]}}