{"id":5261,"date":"2017-12-05T15:26:31","date_gmt":"2017-12-05T14:26:31","guid":{"rendered":"https:\/\/www.hotelbellaigea.com\/piscina\/"},"modified":"2019-11-15T14:46:22","modified_gmt":"2019-11-15T13:46:22","slug":"pool","status":"publish","type":"page","link":"https:\/\/www.hotelbellaigea.com\/de\/pool\/","title":{"rendered":"Pool"},"content":{"rendered":"<p>Die Umgestaltung des <strong>3 Sterne Hotels Bella Igea<\/strong>, brachte eine rie\u00dfige Neugigkeit: seit diesem Jahr steht all unseren G\u00e4sten ein gro\u00dfer Pool zur Verf\u00fcgung, eigens konstruiert, um Ihren Urlaub noch besonderer zu machen. Es gibt doch nichts besseres, als einen Sprung in das azzurblaue Wasser, um sich an den hei\u00dfen Sommertagen zu erfrischen.<\/p>\n<p>Sie stehen am Morgen auf und entscheiden sich, Ihren noch schlummernden K\u00f6rper mit einem herrlichen Bad zu wecken, perfekt um sich mit Energie aufzutanken. <strong>Im Pool des Hotels Bella Igea ist der tiefste Teil ideal, um die Muskeln mit Spr\u00fcngen und Schwimmz\u00fcgen zu lockern<\/strong>.<\/p>\n<p>Das was Sie m\u00f6chten ist die absolute Entspannung? Im Whirlpoolbereich wird Ihre Haut mit dem sanften kitzeln der Blasen gestreichelt, welches Ihnen umgehend einen regenerierenden Effekt bringt. Hier geben Ihnen die Luftd\u00fcsen die Spannkraft Ihres K\u00f6rpers wieder und spezielle Vorrichtungen bieten Ihnen eine angenehme Nackenmassage.<\/p>\n<p>Und unsere Kleinsten? Am Bella Igea besteht eine gro\u00dfe Aufmerksamkeit und Sorgfalt f\u00fcr unsere kleinsten G\u00e4ste, weshalb ihnen extra ein spezieller Schwimmbereich gewidmet ist. Dieser flache Bereich ist zum Spielen und Planschen im Wasser geeignet, so dass jedes Kind sich in Sicherheit vergn\u00fcgen kann. Jeden Tag bezieht am Poolrand eine fr\u00f6hliche Kinderbetreuung die Kinder des Hotels in eine fantastische Aktivit\u00e4t ein, w\u00e4hrend f\u00fcr die Erwachsenen ein belebender Wassergymnastikkurs reserviert ist.<\/p>\n<div id='gallery-1' class='gallery galleryid-5261 gallery-columns-4 gallery-size-medium'><figure class='gallery-item'>\n\t\t\t<div class='gallery-icon landscape'>\n\t\t\t\t<a href='https:\/\/www.hotelbellaigea.com\/wp-content\/uploads\/2017\/12\/home-piscina.jpg' data-size=\"900x600\"><img loading=\"lazy\" decoding=\"async\" width=\"640\" height=\"420\" src=\"https:\/\/www.hotelbellaigea.com\/wp-content\/uploads\/2017\/12\/home-piscina-640x420.jpg\" class=\"attachment-medium size-medium\" alt=\"\" \/><\/a>\n\t\t\t<\/div><\/figure><figure class='gallery-item'>\n\t\t\t<div class='gallery-icon landscape'>\n\t\t\t\t<a href='https:\/\/www.hotelbellaigea.com\/wp-content\/uploads\/2017\/12\/Gallery-piscina-01-Hotel-Bella-Igea.jpg' data-size=\"1110x500\"><img loading=\"lazy\" decoding=\"async\" width=\"640\" height=\"420\" src=\"https:\/\/www.hotelbellaigea.com\/wp-content\/uploads\/2017\/12\/Gallery-piscina-01-Hotel-Bella-Igea-640x420.jpg\" class=\"attachment-medium size-medium\" alt=\"\" \/><\/a>\n\t\t\t<\/div><\/figure><figure class='gallery-item'>\n\t\t\t<div class='gallery-icon landscape'>\n\t\t\t\t<a href='https:\/\/www.hotelbellaigea.com\/wp-content\/uploads\/2017\/12\/Gallery-piscina-04-Hotel-Bella-Igea.jpg' data-size=\"1110x500\"><img loading=\"lazy\" decoding=\"async\" width=\"640\" height=\"420\" src=\"https:\/\/www.hotelbellaigea.com\/wp-content\/uploads\/2017\/12\/Gallery-piscina-04-Hotel-Bella-Igea-640x420.jpg\" class=\"attachment-medium size-medium\" alt=\"\" \/><\/a>\n\t\t\t<\/div><\/figure><figure class='gallery-item'>\n\t\t\t<div class='gallery-icon landscape'>\n\t\t\t\t<a href='https:\/\/www.hotelbellaigea.com\/wp-content\/uploads\/2017\/12\/Gallery-piscina-03-Hotel-Bella-Igea.jpg' data-size=\"1110x500\"><img loading=\"lazy\" decoding=\"async\" width=\"640\" height=\"420\" src=\"https:\/\/www.hotelbellaigea.com\/wp-content\/uploads\/2017\/12\/Gallery-piscina-03-Hotel-Bella-Igea-640x420.jpg\" class=\"attachment-medium size-medium\" alt=\"\" \/><\/a>\n\t\t\t<\/div><\/figure>\n\t\t<\/div>\n\n","protected":false},"excerpt":{"rendered":"<p>Die Umgestaltung des 3 Sterne Hotels Bella Igea, brachte eine rie\u00dfige Neugigkeit: seit diesem Jahr steht all unseren G\u00e4sten ein gro\u00dfer Pool zur Verf\u00fcgung, eigens konstruiert, um Ihren Urlaub noch besonderer zu machen. Es gibt doch nichts besseres, als einen Sprung in das azzurblaue Wasser, um sich an den hei\u00dfen Sommertagen zu erfrischen. Sie stehen am Morgen auf und entscheiden sich, Ihren noch schlummernden K\u00f6rper mit einem herrlichen Bad zu &#8230;<\/p>\n","protected":false},"author":1,"featured_media":0,"parent":0,"menu_order":0,"comment_status":"closed","ping_status":"closed","template":"","meta":{"_acf_changed":false},"class_list":["post-5261","page","type-page","status-publish","hentry"],"acf":[],"_links":{"self":[{"href":"https:\/\/www.hotelbellaigea.com\/de\/wp-json\/wp\/v2\/pages\/5261","targetHints":{"allow":["GET"]}}],"collection":[{"href":"https:\/\/www.hotelbellaigea.com\/de\/wp-json\/wp\/v2\/pages"}],"about":[{"href":"https:\/\/www.hotelbellaigea.com\/de\/wp-json\/wp\/v2\/types\/page"}],"author":[{"embeddable":true,"href":"https:\/\/www.hotelbellaigea.com\/de\/wp-json\/wp\/v2\/users\/1"}],"replies":[{"embeddable":true,"href":"https:\/\/www.hotelbellaigea.com\/de\/wp-json\/wp\/v2\/comments?post=5261"}],"version-history":[{"count":0,"href":"https:\/\/www.hotelbellaigea.com\/de\/wp-json\/wp\/v2\/pages\/5261\/revisions"}],"wp:attachment":[{"href":"https:\/\/www.hotelbellaigea.com\/de\/wp-json\/wp\/v2\/media?parent=5261"}],"curies":[{"name":"wp","href":"https:\/\/api.w.org\/{rel}","templated":true}]}}