{"id":5270,"date":"2017-12-05T12:54:29","date_gmt":"2017-12-05T11:54:29","guid":{"rendered":"https:\/\/www.hotelbellaigea.com\/spiaggia\/"},"modified":"2019-11-15T14:56:03","modified_gmt":"2019-11-15T13:56:03","slug":"strand","status":"publish","type":"page","link":"https:\/\/www.hotelbellaigea.com\/de\/strand\/","title":{"rendered":"In der N\u00e4he des Hotels ist der Strand den Sie suchen"},"content":{"rendered":"<div id='gallery-1' class='gallery galleryid-5270 gallery-columns-4 gallery-size-medium'><figure class='gallery-item'>\n\t\t\t<div class='gallery-icon landscape'>\n\t\t\t\t<a href='https:\/\/www.hotelbellaigea.com\/wp-content\/uploads\/2019\/11\/Hotel-Bella-Igea-gallery-spiaggia.jpg' data-size=\"768x346\"><img loading=\"lazy\" decoding=\"async\" width=\"640\" height=\"346\" src=\"https:\/\/www.hotelbellaigea.com\/wp-content\/uploads\/2019\/11\/Hotel-Bella-Igea-gallery-spiaggia-640x346.jpg\" class=\"attachment-medium size-medium\" alt=\"\" \/><\/a>\n\t\t\t<\/div><\/figure><figure class='gallery-item'>\n\t\t\t<div class='gallery-icon landscape'>\n\t\t\t\t<a href='https:\/\/www.hotelbellaigea.com\/wp-content\/uploads\/2017\/12\/Gallery-spiaggia-02-Hotel-Bella-Igea-1.jpg' data-size=\"768x346\"><img loading=\"lazy\" decoding=\"async\" width=\"640\" height=\"346\" src=\"https:\/\/www.hotelbellaigea.com\/wp-content\/uploads\/2017\/12\/Gallery-spiaggia-02-Hotel-Bella-Igea-1-640x346.jpg\" class=\"attachment-medium size-medium\" alt=\"\" \/><\/a>\n\t\t\t<\/div><\/figure><figure class='gallery-item'>\n\t\t\t<div class='gallery-icon landscape'>\n\t\t\t\t<a href='https:\/\/www.hotelbellaigea.com\/wp-content\/uploads\/2017\/12\/Gallery-spiaggia-03-Hotel-Bella-Igea-1.jpg' data-size=\"768x346\"><img loading=\"lazy\" decoding=\"async\" width=\"640\" height=\"346\" src=\"https:\/\/www.hotelbellaigea.com\/wp-content\/uploads\/2017\/12\/Gallery-spiaggia-03-Hotel-Bella-Igea-1-640x346.jpg\" class=\"attachment-medium size-medium\" alt=\"\" \/><\/a>\n\t\t\t<\/div><\/figure><figure class='gallery-item'>\n\t\t\t<div class='gallery-icon landscape'>\n\t\t\t\t<a href='https:\/\/www.hotelbellaigea.com\/wp-content\/uploads\/2017\/12\/Gallery-spiaggia-04-Hotel-Bella-Igea-1.jpg' data-size=\"768x346\"><img loading=\"lazy\" decoding=\"async\" width=\"640\" height=\"346\" src=\"https:\/\/www.hotelbellaigea.com\/wp-content\/uploads\/2017\/12\/Gallery-spiaggia-04-Hotel-Bella-Igea-1-640x346.jpg\" class=\"attachment-medium size-medium\" alt=\"\" \/><\/a>\n\t\t\t<\/div><\/figure>\n\t\t<\/div>\n\n<h3>Die Ferien am Meer &#8211; perfekt f\u00fcr alle<\/h3>\n<p>Sobald Sie am Strand sind, liegen vor Ihnen tausend M\u00f6glichkeiten, um gl\u00fcckliche Stunden zu verbringen. W\u00fcnschen Sie sich spielend am warmen Strand zu zerstreuen? Sie finden den <strong>Beachvolleyballplatz<\/strong>. M\u00f6chten Sie Spa\u00df zusammen mit Ihren Kindern haben? Tischtennis, Billard und Boccia sind wie f\u00fcr Sie gemacht. Wenn Sie sich jedoch total entspannen m\u00f6chten, in Ruhe, so ist der Miniclub f\u00fcr die Kleinsten gedacht, mit vielen lustigen Aktivit\u00e4ten im Spielbereich. Wenn Sie bei ein wenig guter Musik tanzen wollen, <strong>Becky Bay<\/strong> bietet Ihnen jeden Abend, von Dienstag bis Sonntag, gro\u00dfe Konzerte und unvergessliche Shows.<\/p>\n<h3>Das internationale Turnier der Strandspiele<\/h3>\n<p>Jedes Jahr ist das Hotel Bella Igea stolz darauf, die G\u00e4ste zu beherbergen, welche am Kiklos teilnehmen, der gro\u00dfen Veranstaltung der Strandspiele, die in Bellaria den ganzen Sommer durchgef\u00fchrt werden. Wenn Beachvolleyball Ihre Passion ist, dann ist das der richtige Platz f\u00fcr Sie.<\/p>\n","protected":false},"excerpt":{"rendered":"<p>Die Ferien am Meer &#8211; perfekt f\u00fcr alle Sobald Sie am Strand sind, liegen vor Ihnen tausend M\u00f6glichkeiten, um gl\u00fcckliche Stunden zu verbringen. W\u00fcnschen Sie sich spielend am warmen Strand zu zerstreuen? Sie finden den Beachvolleyballplatz. M\u00f6chten Sie Spa\u00df zusammen mit Ihren Kindern haben? Tischtennis, Billard und Boccia sind wie f\u00fcr Sie gemacht. Wenn Sie sich jedoch total entspannen m\u00f6chten, in Ruhe, so ist der Miniclub f\u00fcr die Kleinsten gedacht, &#8230;<\/p>\n","protected":false},"author":1,"featured_media":0,"parent":0,"menu_order":0,"comment_status":"closed","ping_status":"closed","template":"","meta":{"_acf_changed":false},"class_list":["post-5270","page","type-page","status-publish","hentry"],"acf":[],"_links":{"self":[{"href":"https:\/\/www.hotelbellaigea.com\/de\/wp-json\/wp\/v2\/pages\/5270","targetHints":{"allow":["GET"]}}],"collection":[{"href":"https:\/\/www.hotelbellaigea.com\/de\/wp-json\/wp\/v2\/pages"}],"about":[{"href":"https:\/\/www.hotelbellaigea.com\/de\/wp-json\/wp\/v2\/types\/page"}],"author":[{"embeddable":true,"href":"https:\/\/www.hotelbellaigea.com\/de\/wp-json\/wp\/v2\/users\/1"}],"replies":[{"embeddable":true,"href":"https:\/\/www.hotelbellaigea.com\/de\/wp-json\/wp\/v2\/comments?post=5270"}],"version-history":[{"count":0,"href":"https:\/\/www.hotelbellaigea.com\/de\/wp-json\/wp\/v2\/pages\/5270\/revisions"}],"wp:attachment":[{"href":"https:\/\/www.hotelbellaigea.com\/de\/wp-json\/wp\/v2\/media?parent=5270"}],"curies":[{"name":"wp","href":"https:\/\/api.w.org\/{rel}","templated":true}]}}