{"id":5290,"date":"2017-12-05T12:28:50","date_gmt":"2017-12-05T11:28:50","guid":{"rendered":"https:\/\/www.hotelbellaigea.com\/ristorante\/"},"modified":"2020-01-27T14:22:14","modified_gmt":"2020-01-27T13:22:14","slug":"kueche","status":"publish","type":"page","link":"https:\/\/www.hotelbellaigea.com\/de\/kueche\/","title":{"rendered":"Traditionelle K\u00fcche zum Mittag und Abend"},"content":{"rendered":"<div id='gallery-1' class='gallery galleryid-5290 gallery-columns-3 gallery-size-medium'><figure class='gallery-item'>\n\t\t\t<div class='gallery-icon landscape'>\n\t\t\t\t<a href='https:\/\/www.hotelbellaigea.com\/wp-content\/uploads\/2017\/12\/col1.jpg' data-size=\"720x500\"><img loading=\"lazy\" decoding=\"async\" width=\"640\" height=\"420\" src=\"https:\/\/www.hotelbellaigea.com\/wp-content\/uploads\/2017\/12\/col1-640x420.jpg\" class=\"attachment-medium size-medium\" alt=\"\" \/><\/a>\n\t\t\t<\/div><\/figure><figure class='gallery-item'>\n\t\t\t<div class='gallery-icon landscape'>\n\t\t\t\t<a href='https:\/\/www.hotelbellaigea.com\/wp-content\/uploads\/2020\/01\/buffet.jpg' data-size=\"720x500\"><img loading=\"lazy\" decoding=\"async\" width=\"640\" height=\"420\" src=\"https:\/\/www.hotelbellaigea.com\/wp-content\/uploads\/2020\/01\/buffet-640x420.jpg\" class=\"attachment-medium size-medium\" alt=\"\" \/><\/a>\n\t\t\t<\/div><\/figure><figure class='gallery-item'>\n\t\t\t<div class='gallery-icon landscape'>\n\t\t\t\t<a href='https:\/\/www.hotelbellaigea.com\/wp-content\/uploads\/2020\/01\/ristorante.jpg' data-size=\"720x500\"><img loading=\"lazy\" decoding=\"async\" width=\"640\" height=\"420\" src=\"https:\/\/www.hotelbellaigea.com\/wp-content\/uploads\/2020\/01\/ristorante-640x420.jpg\" class=\"attachment-medium size-medium\" alt=\"\" \/><\/a>\n\t\t\t<\/div><\/figure>\n\t\t<\/div>\n\n<h3>Nur f\u00fcr Sie: naturreine und lokale Zutaten<\/h3>\n<p>Davide k\u00fcmmert sich regelm\u00e4\u00dfig pers\u00f6nlich um den Einkauf im Hotel, er <strong>w\u00e4hlt die frischesten Zutaten erster Wahl<\/strong>. Das Obst und Gem\u00fcse kommt aus einem <strong>Garten des Vertrauens in unmittelbarer Nachbarschaft (&#8222;Null-Kilometer-Gem\u00fcse&#8220;)<\/strong>. Die ganze Aufmerksamkeit f\u00fcr Ihr gesundes Leben beginnt direkt von hier, mit dem Angebot gesunder und k\u00f6stlicher Speisen, welche mit den erfahrenen H\u00e4nden des K\u00fcchenchefs vom Bella Igea zubereitet werden. <a href=\"https:\/\/www.hotelbellaigea.com\/de\/fruehstueck\/\"><strong>Fr\u00fchst\u00fcck entdecken<\/strong><\/a>.<\/p>\n<h3>Nur das Beste aus der Romagnolischen K\u00fcche<\/h3>\n<p>Jedes Gericht beruht auf Tradition. <strong>Die k\u00f6stlichen Rezepte von Oma Lina sind eine Freude f\u00fcr Ihren Gaumen<\/strong>. Hackfleischso\u00dfe, Strozzapreti , Tagliatelle und Lasagne, viele K\u00f6stlichkeiten von unserer Region Rimini mit Liebe gereicht, um Sie mit unseren typischen Geschmacksnoten vertraut zu machen. <strong>Die hier frisch zubereiteten Nudeln werden ausschlie\u00dflich im Hause zubereitet<\/strong>, die Weine kommen von ausgew\u00e4hlten Weing\u00fctern von den H\u00fcgeln der Emilia-Romagna.<\/p>\n","protected":false},"excerpt":{"rendered":"<p>Nur f\u00fcr Sie: naturreine und lokale Zutaten Davide k\u00fcmmert sich regelm\u00e4\u00dfig pers\u00f6nlich um den Einkauf im Hotel, er w\u00e4hlt die frischesten Zutaten erster Wahl. Das Obst und Gem\u00fcse kommt aus einem Garten des Vertrauens in unmittelbarer Nachbarschaft (&#8222;Null-Kilometer-Gem\u00fcse&#8220;). Die ganze Aufmerksamkeit f\u00fcr Ihr gesundes Leben beginnt direkt von hier, mit dem Angebot gesunder und k\u00f6stlicher Speisen, welche mit den erfahrenen H\u00e4nden des K\u00fcchenchefs vom Bella Igea zubereitet werden. Fr\u00fchst\u00fcck entdecken. &#8230;<\/p>\n","protected":false},"author":1,"featured_media":0,"parent":0,"menu_order":0,"comment_status":"closed","ping_status":"closed","template":"","meta":{"_acf_changed":false},"class_list":["post-5290","page","type-page","status-publish","hentry"],"acf":[],"_links":{"self":[{"href":"https:\/\/www.hotelbellaigea.com\/de\/wp-json\/wp\/v2\/pages\/5290","targetHints":{"allow":["GET"]}}],"collection":[{"href":"https:\/\/www.hotelbellaigea.com\/de\/wp-json\/wp\/v2\/pages"}],"about":[{"href":"https:\/\/www.hotelbellaigea.com\/de\/wp-json\/wp\/v2\/types\/page"}],"author":[{"embeddable":true,"href":"https:\/\/www.hotelbellaigea.com\/de\/wp-json\/wp\/v2\/users\/1"}],"replies":[{"embeddable":true,"href":"https:\/\/www.hotelbellaigea.com\/de\/wp-json\/wp\/v2\/comments?post=5290"}],"version-history":[{"count":0,"href":"https:\/\/www.hotelbellaigea.com\/de\/wp-json\/wp\/v2\/pages\/5290\/revisions"}],"wp:attachment":[{"href":"https:\/\/www.hotelbellaigea.com\/de\/wp-json\/wp\/v2\/media?parent=5290"}],"curies":[{"name":"wp","href":"https:\/\/api.w.org\/{rel}","templated":true}]}}