{"id":5305,"date":"2017-09-08T11:53:45","date_gmt":"2017-09-08T09:53:45","guid":{"rendered":"https:\/\/www.hotelbellaigea.com\/dove-siamo\/"},"modified":"2020-01-16T11:49:02","modified_gmt":"2020-01-16T10:49:02","slug":"unser-standort","status":"publish","type":"page","link":"https:\/\/www.hotelbellaigea.com\/de\/unser-standort\/","title":{"rendered":"Wo wir sind"},"content":{"rendered":"<p><em>Anreise mit dem Auto:<\/em><\/p>\n<div class=\"dove-siamo-directions\">\n<div class=\"row\">\n<div class=\"col-md-6\">\n<p><strong>ANREISE MIT DEM AUTO:<\/strong><\/p>\n<ul>\n<li><strong>Ausfahrt A14<\/strong> (beide Richtungen) &#8222;Rimini Nord&#8220;, dann auf Staatsstra\u00dfe SS16 bis zur Ausfahrt &#8222;Igea Marina&#8220;. Von hier folgen Sie der Stra\u00dfe Richtung Meer und Zentrum von Igea Marina. Sie finden uns in der Stra\u00dfe &#8222;via Virgilio 126&#8220;, in der N\u00e4he des Gelso Parkes (Parco del Gelso).(Gesamtstrecke 8 Kilometer)<\/li>\n<\/ul>\n<\/div>\n<div class=\"col-md-6\">\n<p><strong>ANREISE MIT DEM ZUG: <\/strong>Es gibt zwei M\u00f6glichkeiten<\/p>\n<ul>\n<li>Steigen Sie am Bahnhof Rimini aus und nehmen Sie den Bus Nummer 4 (vom Busbahnsteig B in Richtung Bellaria- San Mauro a Mare). Die Nummer 39 ist die n\u00e4heste Haltestelle.<\/li>\n<li>Steigen Sie am Bahnhof Rimini aus und dann nehmen Sie den Regionalzug Richtung Bellaria (Lienie Ravenna-Rimini). Steigen Sie an der Haltestelle von Igea Marina aus und in geringer Entfernung davon befindet sich das Hotel.<\/li>\n<\/ul>\n<\/div>\n<\/div>\n<\/div>\n","protected":false},"excerpt":{"rendered":"<p>Anreise mit dem Auto: ANREISE MIT DEM AUTO: Ausfahrt A14 (beide Richtungen) &#8222;Rimini Nord&#8220;, dann auf Staatsstra\u00dfe SS16 bis zur Ausfahrt &#8222;Igea Marina&#8220;. Von hier folgen Sie der Stra\u00dfe Richtung Meer und Zentrum von Igea Marina. Sie finden uns in der Stra\u00dfe &#8222;via Virgilio 126&#8220;, in der N\u00e4he des Gelso Parkes (Parco del Gelso).(Gesamtstrecke 8 Kilometer) ANREISE MIT DEM ZUG: Es gibt zwei M\u00f6glichkeiten Steigen Sie am Bahnhof Rimini aus &#8230;<\/p>\n","protected":false},"author":1,"featured_media":0,"parent":0,"menu_order":0,"comment_status":"closed","ping_status":"closed","template":"","meta":{"_acf_changed":false},"class_list":["post-5305","page","type-page","status-publish","hentry"],"acf":[],"_links":{"self":[{"href":"https:\/\/www.hotelbellaigea.com\/de\/wp-json\/wp\/v2\/pages\/5305","targetHints":{"allow":["GET"]}}],"collection":[{"href":"https:\/\/www.hotelbellaigea.com\/de\/wp-json\/wp\/v2\/pages"}],"about":[{"href":"https:\/\/www.hotelbellaigea.com\/de\/wp-json\/wp\/v2\/types\/page"}],"author":[{"embeddable":true,"href":"https:\/\/www.hotelbellaigea.com\/de\/wp-json\/wp\/v2\/users\/1"}],"replies":[{"embeddable":true,"href":"https:\/\/www.hotelbellaigea.com\/de\/wp-json\/wp\/v2\/comments?post=5305"}],"version-history":[{"count":0,"href":"https:\/\/www.hotelbellaigea.com\/de\/wp-json\/wp\/v2\/pages\/5305\/revisions"}],"wp:attachment":[{"href":"https:\/\/www.hotelbellaigea.com\/de\/wp-json\/wp\/v2\/media?parent=5305"}],"curies":[{"name":"wp","href":"https:\/\/api.w.org\/{rel}","templated":true}]}}