{"id":5377,"date":"2017-12-04T10:02:58","date_gmt":"2017-12-04T09:02:58","guid":{"rendered":"https:\/\/www.hotelbellaigea.com\/camere\/"},"modified":"2019-11-15T16:05:08","modified_gmt":"2019-11-15T15:05:08","slug":"zimmer","status":"publish","type":"page","link":"https:\/\/www.hotelbellaigea.com\/de\/zimmer\/","title":{"rendered":"Das Zimmer, der Ort, wo Sie gl\u00fccklich sind"},"content":{"rendered":"<p>Das Hotel Bella Igea hat Zimmer\u00a0<strong>welche reich an Komfort und mit modernen M\u00f6beln heller Farben ausgestattet sind<\/strong>. Die Stoffe spiegeln die Blaut\u00f6ne des Meeres wieder, Quelle des Friedens und der Unbeschwertheit. Jedes Zimmer ist k\u00fchl, weil klimatisiert und vom Gr\u00fcn umgeben. Lassen Sie sich von dem angenehmen reinen Duft der strahlenden Ferienluft berauschen, welche jedes Hotelzimmer durchstr\u00f6mt.<\/p>\n<div id='gallery-1' class='gallery galleryid-5377 gallery-columns-4 gallery-size-medium'><figure class='gallery-item'>\n\t\t\t<div class='gallery-icon landscape'>\n\t\t\t\t<a href='https:\/\/www.hotelbellaigea.com\/wp-content\/uploads\/2017\/12\/st01.jpg' data-size=\"600x400\"><img loading=\"lazy\" decoding=\"async\" width=\"600\" height=\"400\" src=\"https:\/\/www.hotelbellaigea.com\/wp-content\/uploads\/2017\/12\/st01-600x400.jpg\" class=\"attachment-medium size-medium\" alt=\"\" \/><\/a>\n\t\t\t<\/div><\/figure><figure class='gallery-item'>\n\t\t\t<div class='gallery-icon landscape'>\n\t\t\t\t<a href='https:\/\/www.hotelbellaigea.com\/wp-content\/uploads\/2017\/12\/fm02.jpg' data-size=\"600x400\"><img loading=\"lazy\" decoding=\"async\" width=\"600\" height=\"400\" src=\"https:\/\/www.hotelbellaigea.com\/wp-content\/uploads\/2017\/12\/fm02-600x400.jpg\" class=\"attachment-medium size-medium\" alt=\"\" \/><\/a>\n\t\t\t<\/div><\/figure><figure class='gallery-item'>\n\t\t\t<div class='gallery-icon landscape'>\n\t\t\t\t<a href='https:\/\/www.hotelbellaigea.com\/wp-content\/uploads\/2017\/12\/st03.jpg' data-size=\"600x400\"><img loading=\"lazy\" decoding=\"async\" width=\"600\" height=\"400\" src=\"https:\/\/www.hotelbellaigea.com\/wp-content\/uploads\/2017\/12\/st03-600x400.jpg\" class=\"attachment-medium size-medium\" alt=\"\" \/><\/a>\n\t\t\t<\/div><\/figure><figure class='gallery-item'>\n\t\t\t<div class='gallery-icon landscape'>\n\t\t\t\t<a href='https:\/\/www.hotelbellaigea.com\/wp-content\/uploads\/2017\/12\/fm03.jpg' data-size=\"600x400\"><img loading=\"lazy\" decoding=\"async\" width=\"600\" height=\"400\" src=\"https:\/\/www.hotelbellaigea.com\/wp-content\/uploads\/2017\/12\/fm03-600x400.jpg\" class=\"attachment-medium size-medium\" alt=\"\" \/><\/a>\n\t\t\t<\/div><\/figure>\n\t\t<\/div>\n\n","protected":false},"excerpt":{"rendered":"<p>Das Hotel Bella Igea hat Zimmer\u00a0welche reich an Komfort und mit modernen M\u00f6beln heller Farben ausgestattet sind. Die Stoffe spiegeln die Blaut\u00f6ne des Meeres wieder, Quelle des Friedens und der Unbeschwertheit. Jedes Zimmer ist k\u00fchl, weil klimatisiert und vom Gr\u00fcn umgeben. Lassen Sie sich von dem angenehmen reinen Duft der strahlenden Ferienluft berauschen, welche jedes Hotelzimmer durchstr\u00f6mt.<\/p>\n","protected":false},"author":1,"featured_media":0,"parent":0,"menu_order":0,"comment_status":"closed","ping_status":"closed","template":"","meta":{"_acf_changed":false},"class_list":["post-5377","page","type-page","status-publish","hentry"],"acf":[],"_links":{"self":[{"href":"https:\/\/www.hotelbellaigea.com\/de\/wp-json\/wp\/v2\/pages\/5377","targetHints":{"allow":["GET"]}}],"collection":[{"href":"https:\/\/www.hotelbellaigea.com\/de\/wp-json\/wp\/v2\/pages"}],"about":[{"href":"https:\/\/www.hotelbellaigea.com\/de\/wp-json\/wp\/v2\/types\/page"}],"author":[{"embeddable":true,"href":"https:\/\/www.hotelbellaigea.com\/de\/wp-json\/wp\/v2\/users\/1"}],"replies":[{"embeddable":true,"href":"https:\/\/www.hotelbellaigea.com\/de\/wp-json\/wp\/v2\/comments?post=5377"}],"version-history":[{"count":0,"href":"https:\/\/www.hotelbellaigea.com\/de\/wp-json\/wp\/v2\/pages\/5377\/revisions"}],"wp:attachment":[{"href":"https:\/\/www.hotelbellaigea.com\/de\/wp-json\/wp\/v2\/media?parent=5377"}],"curies":[{"name":"wp","href":"https:\/\/api.w.org\/{rel}","templated":true}]}}