{"id":5409,"date":"2017-12-13T09:21:42","date_gmt":"2017-12-13T08:21:42","guid":{"rendered":"https:\/\/www.hotelbellaigea.com\/colazione\/"},"modified":"2019-11-15T14:44:33","modified_gmt":"2019-11-15T13:44:33","slug":"fruehstueck","status":"publish","type":"page","link":"https:\/\/www.hotelbellaigea.com\/de\/fruehstueck\/","title":{"rendered":"F\u00fcr Sie ein Fr\u00fchst\u00fcck nach allen Regeln der Kunst"},"content":{"rendered":"<div id='gallery-1' class='gallery galleryid-5409 gallery-columns-3 gallery-size-medium'><figure class='gallery-item'>\n\t\t\t<div class='gallery-icon landscape'>\n\t\t\t\t<a href='https:\/\/www.hotelbellaigea.com\/wp-content\/uploads\/2017\/12\/col2.jpg' data-size=\"720x500\"><img loading=\"lazy\" decoding=\"async\" width=\"640\" height=\"420\" src=\"https:\/\/www.hotelbellaigea.com\/wp-content\/uploads\/2017\/12\/col2-640x420.jpg\" class=\"attachment-medium size-medium\" alt=\"\" \/><\/a>\n\t\t\t<\/div><\/figure><figure class='gallery-item'>\n\t\t\t<div class='gallery-icon landscape'>\n\t\t\t\t<a href='https:\/\/www.hotelbellaigea.com\/wp-content\/uploads\/2017\/12\/Gallery-colazione-02-Hotel-Bella-Igea.jpg' data-size=\"1110x500\"><img loading=\"lazy\" decoding=\"async\" width=\"640\" height=\"420\" src=\"https:\/\/www.hotelbellaigea.com\/wp-content\/uploads\/2017\/12\/Gallery-colazione-02-Hotel-Bella-Igea-640x420.jpg\" class=\"attachment-medium size-medium\" alt=\"\" \/><\/a>\n\t\t\t<\/div><\/figure><figure class='gallery-item'>\n\t\t\t<div class='gallery-icon landscape'>\n\t\t\t\t<a href='https:\/\/www.hotelbellaigea.com\/wp-content\/uploads\/2017\/12\/Gallery-colazione-01-Hotel-Bella-Igea.jpg' data-size=\"1110x500\"><img loading=\"lazy\" decoding=\"async\" width=\"640\" height=\"420\" src=\"https:\/\/www.hotelbellaigea.com\/wp-content\/uploads\/2017\/12\/Gallery-colazione-01-Hotel-Bella-Igea-640x420.jpg\" class=\"attachment-medium size-medium\" alt=\"\" \/><\/a>\n\t\t\t<\/div><\/figure>\n\t\t<\/div>\n\n<h3>Ein Cappuccino so k\u00f6stlich wie an der Bar<\/h3>\n<p>Ein gut gemachter Cappuccino, man wei\u00df, ist ein italienischer Nationalschatz so wie die Sixtinische Kapelle. Hier in Bella Igea, haben Sie die M\u00f6glichkeit ihn zu genie\u00dfen &#8211; Einen mit jedem Erwachen. Mit frischer Milch, frisch gemahlenen Kaffeebohnen zubereitet und reichlich festem Schaum.<\/p>\n<p>Wenn Sie keinen Kaffee zum Fr\u00fchst\u00fcck m\u00f6gen, finden Sie auch Tee, Fruchts\u00e4fte, Jogurt und durststillenden frisch gepressten Orangensaft, ein energiereicher Vitamincocktail f\u00fcr einen gesunden Urlaubstag.<\/p>\n<p>&nbsp;<\/p>\n","protected":false},"excerpt":{"rendered":"<p>Ein Cappuccino so k\u00f6stlich wie an der Bar Ein gut gemachter Cappuccino, man wei\u00df, ist ein italienischer Nationalschatz so wie die Sixtinische Kapelle. Hier in Bella Igea, haben Sie die M\u00f6glichkeit ihn zu genie\u00dfen &#8211; Einen mit jedem Erwachen. Mit frischer Milch, frisch gemahlenen Kaffeebohnen zubereitet und reichlich festem Schaum. Wenn Sie keinen Kaffee zum Fr\u00fchst\u00fcck m\u00f6gen, finden Sie auch Tee, Fruchts\u00e4fte, Jogurt und durststillenden frisch gepressten Orangensaft, ein energiereicher &#8230;<\/p>\n","protected":false},"author":1,"featured_media":0,"parent":0,"menu_order":0,"comment_status":"closed","ping_status":"closed","template":"","meta":{"_acf_changed":false},"class_list":["post-5409","page","type-page","status-publish","hentry"],"acf":[],"_links":{"self":[{"href":"https:\/\/www.hotelbellaigea.com\/de\/wp-json\/wp\/v2\/pages\/5409","targetHints":{"allow":["GET"]}}],"collection":[{"href":"https:\/\/www.hotelbellaigea.com\/de\/wp-json\/wp\/v2\/pages"}],"about":[{"href":"https:\/\/www.hotelbellaigea.com\/de\/wp-json\/wp\/v2\/types\/page"}],"author":[{"embeddable":true,"href":"https:\/\/www.hotelbellaigea.com\/de\/wp-json\/wp\/v2\/users\/1"}],"replies":[{"embeddable":true,"href":"https:\/\/www.hotelbellaigea.com\/de\/wp-json\/wp\/v2\/comments?post=5409"}],"version-history":[{"count":0,"href":"https:\/\/www.hotelbellaigea.com\/de\/wp-json\/wp\/v2\/pages\/5409\/revisions"}],"wp:attachment":[{"href":"https:\/\/www.hotelbellaigea.com\/de\/wp-json\/wp\/v2\/media?parent=5409"}],"curies":[{"name":"wp","href":"https:\/\/api.w.org\/{rel}","templated":true}]}}