{"id":5260,"date":"2017-12-05T15:26:31","date_gmt":"2017-12-05T14:26:31","guid":{"rendered":"https:\/\/www.hotelbellaigea.com\/piscina\/"},"modified":"2019-11-15T14:46:48","modified_gmt":"2019-11-15T13:46:48","slug":"piscine","status":"publish","type":"page","link":"https:\/\/www.hotelbellaigea.com\/fr\/piscine\/","title":{"rendered":"LA NOUVELLE PISCINE ET SES TROIS ZONES"},"content":{"rendered":"<p>Le restyling de l&rsquo;h\u00f4tel trois \u00e9toiles Bella Igea a apport\u00e9 une <strong>innovation gigantesque<\/strong>: tous les clients ont \u00e0 leur disposition une <strong>grande piscine<\/strong>, sp\u00e9cialement construite pour rendre vos vacances encore plus sp\u00e9ciales. Quoi de mieux que de se baigner dans l&rsquo;eau bleue pour se rafra\u00eechir pendant les chaudes journ\u00e9es d&rsquo;\u00e9t\u00e9?<\/p>\n<p>Le matin, vous vous levez et d\u00e9cidez de r\u00e9veiller votre corps avec une bonne nage, id\u00e9ale pour recharger votre \u00e9nergie.<br \/>\nDans la piscine de l&rsquo;h\u00f4tel Bella Igea, la partie la plus profonde est id\u00e9ale pour \u00e9tirer les muscles entre plongeons et brass\u00e9es.<br \/>\nCe que vous voulez, c&rsquo;est la relaxation la plus extr\u00eame?<br \/>\nDans la <strong>zone des bains \u00e0 remous<\/strong>, prenez soin de votre peau en la chatouillant avec des bulles, pour un imm\u00e9diat effet r\u00e9g\u00e9n\u00e9rant. Ici, les bouches d&rsquo;a\u00e9ration redonnent du tonus \u00e0 votre corps et des lances sp\u00e9cifiques vous offrent un massage cervical agr\u00e9able.<\/p>\n<p><strong>Et les petits?<\/strong> Au Bella Igea, l\u2019attention et le soin des jeunes h\u00f4tes sont excellents, pour cette raison <strong>une zone de la piscine est sp\u00e9cifiquement leur d\u00e9di\u00e9e.<\/strong><br \/>\nCette zone peu profonde est propice aux jeux et aux \u00e9claboussures dans l&rsquo;eau, afin que chaque enfant s&rsquo;amuse en toute s\u00e9curit\u00e9. Chaque jour, une animation amusante entra\u00eene<br \/>\nles enfants de l\u2019h\u00f4tel dans des activit\u00e9s fantastiques au bord de la piscine, tandis que les adultes b\u00e9n\u00e9ficient d\u2019un cours d\u2019aquagym revigorant.<\/p>\n<div id='gallery-1' class='gallery galleryid-5260 gallery-columns-4 gallery-size-medium'><figure class='gallery-item'>\n\t\t\t<div class='gallery-icon landscape'>\n\t\t\t\t<a href='https:\/\/www.hotelbellaigea.com\/wp-content\/uploads\/2017\/12\/home-piscina.jpg' data-size=\"900x600\"><img loading=\"lazy\" decoding=\"async\" width=\"640\" height=\"420\" src=\"https:\/\/www.hotelbellaigea.com\/wp-content\/uploads\/2017\/12\/home-piscina-640x420.jpg\" class=\"attachment-medium size-medium\" alt=\"\" \/><\/a>\n\t\t\t<\/div><\/figure><figure class='gallery-item'>\n\t\t\t<div class='gallery-icon landscape'>\n\t\t\t\t<a href='https:\/\/www.hotelbellaigea.com\/wp-content\/uploads\/2017\/12\/Gallery-piscina-01-Hotel-Bella-Igea.jpg' data-size=\"1110x500\"><img loading=\"lazy\" decoding=\"async\" width=\"640\" height=\"420\" src=\"https:\/\/www.hotelbellaigea.com\/wp-content\/uploads\/2017\/12\/Gallery-piscina-01-Hotel-Bella-Igea-640x420.jpg\" class=\"attachment-medium size-medium\" alt=\"\" \/><\/a>\n\t\t\t<\/div><\/figure><figure class='gallery-item'>\n\t\t\t<div class='gallery-icon landscape'>\n\t\t\t\t<a href='https:\/\/www.hotelbellaigea.com\/wp-content\/uploads\/2017\/12\/Gallery-piscina-04-Hotel-Bella-Igea.jpg' data-size=\"1110x500\"><img loading=\"lazy\" decoding=\"async\" width=\"640\" height=\"420\" src=\"https:\/\/www.hotelbellaigea.com\/wp-content\/uploads\/2017\/12\/Gallery-piscina-04-Hotel-Bella-Igea-640x420.jpg\" class=\"attachment-medium size-medium\" alt=\"\" \/><\/a>\n\t\t\t<\/div><\/figure><figure class='gallery-item'>\n\t\t\t<div class='gallery-icon landscape'>\n\t\t\t\t<a href='https:\/\/www.hotelbellaigea.com\/wp-content\/uploads\/2017\/12\/Gallery-piscina-03-Hotel-Bella-Igea.jpg' data-size=\"1110x500\"><img loading=\"lazy\" decoding=\"async\" width=\"640\" height=\"420\" src=\"https:\/\/www.hotelbellaigea.com\/wp-content\/uploads\/2017\/12\/Gallery-piscina-03-Hotel-Bella-Igea-640x420.jpg\" class=\"attachment-medium size-medium\" alt=\"\" \/><\/a>\n\t\t\t<\/div><\/figure>\n\t\t<\/div>\n\n","protected":false},"excerpt":{"rendered":"<p>Le restyling de l&rsquo;h\u00f4tel trois \u00e9toiles Bella Igea a apport\u00e9 une innovation gigantesque: tous les clients ont \u00e0 leur disposition une grande piscine, sp\u00e9cialement construite pour rendre vos vacances encore plus sp\u00e9ciales. Quoi de mieux que de se baigner dans l&rsquo;eau bleue pour se rafra\u00eechir pendant les chaudes journ\u00e9es d&rsquo;\u00e9t\u00e9? Le matin, vous vous levez et d\u00e9cidez de r\u00e9veiller votre corps avec une bonne nage, id\u00e9ale pour recharger votre \u00e9nergie. &#8230;<\/p>\n","protected":false},"author":1,"featured_media":0,"parent":0,"menu_order":0,"comment_status":"closed","ping_status":"closed","template":"","meta":{"_acf_changed":false},"class_list":["post-5260","page","type-page","status-publish","hentry"],"acf":[],"_links":{"self":[{"href":"https:\/\/www.hotelbellaigea.com\/fr\/wp-json\/wp\/v2\/pages\/5260","targetHints":{"allow":["GET"]}}],"collection":[{"href":"https:\/\/www.hotelbellaigea.com\/fr\/wp-json\/wp\/v2\/pages"}],"about":[{"href":"https:\/\/www.hotelbellaigea.com\/fr\/wp-json\/wp\/v2\/types\/page"}],"author":[{"embeddable":true,"href":"https:\/\/www.hotelbellaigea.com\/fr\/wp-json\/wp\/v2\/users\/1"}],"replies":[{"embeddable":true,"href":"https:\/\/www.hotelbellaigea.com\/fr\/wp-json\/wp\/v2\/comments?post=5260"}],"version-history":[{"count":0,"href":"https:\/\/www.hotelbellaigea.com\/fr\/wp-json\/wp\/v2\/pages\/5260\/revisions"}],"wp:attachment":[{"href":"https:\/\/www.hotelbellaigea.com\/fr\/wp-json\/wp\/v2\/media?parent=5260"}],"curies":[{"name":"wp","href":"https:\/\/api.w.org\/{rel}","templated":true}]}}