{"id":5269,"date":"2017-12-05T12:54:29","date_gmt":"2017-12-05T11:54:29","guid":{"rendered":"https:\/\/www.hotelbellaigea.com\/spiaggia\/"},"modified":"2019-11-15T14:55:26","modified_gmt":"2019-11-15T13:55:26","slug":"plage","status":"publish","type":"page","link":"https:\/\/www.hotelbellaigea.com\/fr\/plage\/","title":{"rendered":"\u00c0 proximit\u00e9 de l&rsquo;H\u00f4tel, toute la plage dont vous r\u00eavez"},"content":{"rendered":"<div id='gallery-1' class='gallery galleryid-5269 gallery-columns-4 gallery-size-medium'><figure class='gallery-item'>\n\t\t\t<div class='gallery-icon landscape'>\n\t\t\t\t<a href='https:\/\/www.hotelbellaigea.com\/wp-content\/uploads\/2019\/11\/Hotel-Bella-Igea-gallery-spiaggia.jpg' data-size=\"768x346\"><img loading=\"lazy\" decoding=\"async\" width=\"640\" height=\"346\" src=\"https:\/\/www.hotelbellaigea.com\/wp-content\/uploads\/2019\/11\/Hotel-Bella-Igea-gallery-spiaggia-640x346.jpg\" class=\"attachment-medium size-medium\" alt=\"\" \/><\/a>\n\t\t\t<\/div><\/figure><figure class='gallery-item'>\n\t\t\t<div class='gallery-icon landscape'>\n\t\t\t\t<a href='https:\/\/www.hotelbellaigea.com\/wp-content\/uploads\/2017\/12\/Gallery-spiaggia-02-Hotel-Bella-Igea-1.jpg' data-size=\"768x346\"><img loading=\"lazy\" decoding=\"async\" width=\"640\" height=\"346\" src=\"https:\/\/www.hotelbellaigea.com\/wp-content\/uploads\/2017\/12\/Gallery-spiaggia-02-Hotel-Bella-Igea-1-640x346.jpg\" class=\"attachment-medium size-medium\" alt=\"\" \/><\/a>\n\t\t\t<\/div><\/figure><figure class='gallery-item'>\n\t\t\t<div class='gallery-icon landscape'>\n\t\t\t\t<a href='https:\/\/www.hotelbellaigea.com\/wp-content\/uploads\/2017\/12\/Gallery-spiaggia-03-Hotel-Bella-Igea-1.jpg' data-size=\"768x346\"><img loading=\"lazy\" decoding=\"async\" width=\"640\" height=\"346\" src=\"https:\/\/www.hotelbellaigea.com\/wp-content\/uploads\/2017\/12\/Gallery-spiaggia-03-Hotel-Bella-Igea-1-640x346.jpg\" class=\"attachment-medium size-medium\" alt=\"\" \/><\/a>\n\t\t\t<\/div><\/figure><figure class='gallery-item'>\n\t\t\t<div class='gallery-icon landscape'>\n\t\t\t\t<a href='https:\/\/www.hotelbellaigea.com\/wp-content\/uploads\/2017\/12\/Gallery-spiaggia-04-Hotel-Bella-Igea-1.jpg' data-size=\"768x346\"><img loading=\"lazy\" decoding=\"async\" width=\"640\" height=\"346\" src=\"https:\/\/www.hotelbellaigea.com\/wp-content\/uploads\/2017\/12\/Gallery-spiaggia-04-Hotel-Bella-Igea-1-640x346.jpg\" class=\"attachment-medium size-medium\" alt=\"\" \/><\/a>\n\t\t\t<\/div><\/figure>\n\t\t<\/div>\n\n<h3>Les vacances \u00e0 la mer parfaites pour tous<\/h3>\n<p>Vous \u00eates enfin \u00e0 la plage, et avez devant vous mille occasions de passer des heures de bonheur. Vous avez envie de vous changer les id\u00e9es en jouant sur le sable ti\u00e8de ? Profitez du <strong>terrain de beach-volley<\/strong>. Vous pr\u00e9f\u00e9rez vous amuser avec vos enfants ? Le ping-pong, le baby-foot et les boules sont parfaits. En revanche, si la d\u00e9tente totale est votre objectif, ne vous inqui\u00e9tez pas, le mini-club s&rsquo;occupera de vos enfants en leur proposant une multitude d&rsquo;activit\u00e9s dans l&rsquo;espace jeux.<br \/>\nSi vous avez envie de vous d\u00e9cha\u00eener en musique, le <strong>Becky Bay<\/strong> vous propose chaque soir du mardi au dimanche de grands concerts et des spectacles inoubliables.<\/p>\n<h3>Le tournoi international de jeux sur le sable<\/h3>\n<p>Tous les ans, l&rsquo;H\u00f4tel Bella Igea est heureux d&rsquo;accueillir les participants de Kiklos, la grande manifestation de jeux sur le sable qui se d\u00e9roule \u00e0 Bellaria et pr\u00e9voit des concours organis\u00e9s tout l&rsquo;\u00e9t\u00e9. Si le beach-volley vous passionne, ce lieu est fait pour vous.<\/p>\n","protected":false},"excerpt":{"rendered":"<p>Les vacances \u00e0 la mer parfaites pour tous Vous \u00eates enfin \u00e0 la plage, et avez devant vous mille occasions de passer des heures de bonheur. Vous avez envie de vous changer les id\u00e9es en jouant sur le sable ti\u00e8de ? Profitez du terrain de beach-volley. Vous pr\u00e9f\u00e9rez vous amuser avec vos enfants ? Le ping-pong, le baby-foot et les boules sont parfaits. En revanche, si la d\u00e9tente totale est &#8230;<\/p>\n","protected":false},"author":1,"featured_media":0,"parent":0,"menu_order":0,"comment_status":"closed","ping_status":"closed","template":"","meta":{"_acf_changed":false},"class_list":["post-5269","page","type-page","status-publish","hentry"],"acf":[],"_links":{"self":[{"href":"https:\/\/www.hotelbellaigea.com\/fr\/wp-json\/wp\/v2\/pages\/5269","targetHints":{"allow":["GET"]}}],"collection":[{"href":"https:\/\/www.hotelbellaigea.com\/fr\/wp-json\/wp\/v2\/pages"}],"about":[{"href":"https:\/\/www.hotelbellaigea.com\/fr\/wp-json\/wp\/v2\/types\/page"}],"author":[{"embeddable":true,"href":"https:\/\/www.hotelbellaigea.com\/fr\/wp-json\/wp\/v2\/users\/1"}],"replies":[{"embeddable":true,"href":"https:\/\/www.hotelbellaigea.com\/fr\/wp-json\/wp\/v2\/comments?post=5269"}],"version-history":[{"count":0,"href":"https:\/\/www.hotelbellaigea.com\/fr\/wp-json\/wp\/v2\/pages\/5269\/revisions"}],"wp:attachment":[{"href":"https:\/\/www.hotelbellaigea.com\/fr\/wp-json\/wp\/v2\/media?parent=5269"}],"curies":[{"name":"wp","href":"https:\/\/api.w.org\/{rel}","templated":true}]}}