{"id":5289,"date":"2017-12-05T12:28:50","date_gmt":"2017-12-05T11:28:50","guid":{"rendered":"https:\/\/www.hotelbellaigea.com\/ristorante\/"},"modified":"2020-01-27T14:22:13","modified_gmt":"2020-01-27T13:22:13","slug":"restaurant","status":"publish","type":"page","link":"https:\/\/www.hotelbellaigea.com\/fr\/restaurant\/","title":{"rendered":"Les recettes de la tradition \u00e0 midi et au d\u00eener"},"content":{"rendered":"<div id='gallery-1' class='gallery galleryid-5289 gallery-columns-3 gallery-size-medium'><figure class='gallery-item'>\n\t\t\t<div class='gallery-icon landscape'>\n\t\t\t\t<a href='https:\/\/www.hotelbellaigea.com\/wp-content\/uploads\/2017\/12\/col1.jpg' data-size=\"720x500\"><img loading=\"lazy\" decoding=\"async\" width=\"640\" height=\"420\" src=\"https:\/\/www.hotelbellaigea.com\/wp-content\/uploads\/2017\/12\/col1-640x420.jpg\" class=\"attachment-medium size-medium\" alt=\"\" \/><\/a>\n\t\t\t<\/div><\/figure><figure class='gallery-item'>\n\t\t\t<div class='gallery-icon landscape'>\n\t\t\t\t<a href='https:\/\/www.hotelbellaigea.com\/wp-content\/uploads\/2020\/01\/buffet.jpg' data-size=\"720x500\"><img loading=\"lazy\" decoding=\"async\" width=\"640\" height=\"420\" src=\"https:\/\/www.hotelbellaigea.com\/wp-content\/uploads\/2020\/01\/buffet-640x420.jpg\" class=\"attachment-medium size-medium\" alt=\"\" \/><\/a>\n\t\t\t<\/div><\/figure><figure class='gallery-item'>\n\t\t\t<div class='gallery-icon landscape'>\n\t\t\t\t<a href='https:\/\/www.hotelbellaigea.com\/wp-content\/uploads\/2020\/01\/ristorante.jpg' data-size=\"720x500\"><img loading=\"lazy\" decoding=\"async\" width=\"640\" height=\"420\" src=\"https:\/\/www.hotelbellaigea.com\/wp-content\/uploads\/2020\/01\/ristorante-640x420.jpg\" class=\"attachment-medium size-medium\" alt=\"\" \/><\/a>\n\t\t\t<\/div><\/figure>\n\t\t<\/div>\n\n<h3>Rien que des ingr\u00e9dients authentiques et locaux<\/h3>\n<p>Davide se charge lui-m\u00eame de faire les courses pour l&rsquo;H\u00f4tel, <strong>s\u00e9lectionnant les ingr\u00e9dients les plus frais et de premier choix<\/strong>. Les fruits et l\u00e9gumes viennent de son <strong>primeur de confiance, sur place<\/strong>. Toute l&rsquo;attention r\u00e9serv\u00e9e \u00e0 votre bien-\u00eatre commence ici, en vous proposant des plats sains et d\u00e9licieux, r\u00e9alis\u00e9s par les mains expertes du Chef du Bella Igea. D\u00e9couvrez <a href=\"https:\/\/www.hotelbellaigea.com\/fr\/petit-dejeuner\/\"><strong>le petit d\u00e9jeuner<\/strong><\/a>.<\/p>\n<h3>Tout le meilleur de la bonne cuisine romagnole<\/h3>\n<p>Chaque plat se mesure avec la tradition et <strong>les recettes exquises de Grand-m\u00e8re Lina<\/strong> \u00e9gayent chaque repas, pour la joie de votre palais. La sauce bolognaise, les p\u00e2tes et les lasagnes, de nombreux d\u00e9lices du territoire de Rimini propos\u00e9s avec amour, pour vous s\u00e9duire avec les saveurs typiques de la zone. <strong>Les p\u00e2tes fra\u00eeches sont rigoureusement faites \u00e0 la main<\/strong> et les vins proviennent d&rsquo;entreprises agricoles s\u00e9lectionn\u00e9es des collines de l&rsquo;\u00c9milie-Romagne.<\/p>\n","protected":false},"excerpt":{"rendered":"<p>Rien que des ingr\u00e9dients authentiques et locaux Davide se charge lui-m\u00eame de faire les courses pour l&rsquo;H\u00f4tel, s\u00e9lectionnant les ingr\u00e9dients les plus frais et de premier choix. Les fruits et l\u00e9gumes viennent de son primeur de confiance, sur place. Toute l&rsquo;attention r\u00e9serv\u00e9e \u00e0 votre bien-\u00eatre commence ici, en vous proposant des plats sains et d\u00e9licieux, r\u00e9alis\u00e9s par les mains expertes du Chef du Bella Igea. D\u00e9couvrez le petit d\u00e9jeuner. Tout &#8230;<\/p>\n","protected":false},"author":1,"featured_media":0,"parent":0,"menu_order":0,"comment_status":"closed","ping_status":"closed","template":"","meta":{"_acf_changed":false},"class_list":["post-5289","page","type-page","status-publish","hentry"],"acf":[],"_links":{"self":[{"href":"https:\/\/www.hotelbellaigea.com\/fr\/wp-json\/wp\/v2\/pages\/5289","targetHints":{"allow":["GET"]}}],"collection":[{"href":"https:\/\/www.hotelbellaigea.com\/fr\/wp-json\/wp\/v2\/pages"}],"about":[{"href":"https:\/\/www.hotelbellaigea.com\/fr\/wp-json\/wp\/v2\/types\/page"}],"author":[{"embeddable":true,"href":"https:\/\/www.hotelbellaigea.com\/fr\/wp-json\/wp\/v2\/users\/1"}],"replies":[{"embeddable":true,"href":"https:\/\/www.hotelbellaigea.com\/fr\/wp-json\/wp\/v2\/comments?post=5289"}],"version-history":[{"count":0,"href":"https:\/\/www.hotelbellaigea.com\/fr\/wp-json\/wp\/v2\/pages\/5289\/revisions"}],"wp:attachment":[{"href":"https:\/\/www.hotelbellaigea.com\/fr\/wp-json\/wp\/v2\/media?parent=5289"}],"curies":[{"name":"wp","href":"https:\/\/api.w.org\/{rel}","templated":true}]}}