{"id":5304,"date":"2017-09-08T11:53:45","date_gmt":"2017-09-08T09:53:45","guid":{"rendered":"https:\/\/www.hotelbellaigea.com\/dove-siamo\/"},"modified":"2020-01-16T11:46:40","modified_gmt":"2020-01-16T10:46:40","slug":"ou-nous-sommes","status":"publish","type":"page","link":"https:\/\/www.hotelbellaigea.com\/fr\/ou-nous-sommes\/","title":{"rendered":"Notre hotel pr\u00e8s de la mer"},"content":{"rendered":"<p><em>Atteins moi est tr\u00e8s facile.<\/em><\/p>\n<div class=\"dove-siamo-directions\">\n<div class=\"row\">\n<div class=\"col-md-6\">\n<p><strong>EN VOITURE:<\/strong><\/p>\n<ul>\n<li>Avec l&rsquo;A14, au nord et au sud, sortir \u00e0 Rimini Nord et prendre la sortie autoroute 16, \u00e0 Igea Marina. De l\u00e0, dirigez-Vous vers la mer et du centre. Nous sommes \u00e0 126 Via Virgilio, pr\u00e8s de GELSO Park. (Total 8 km loin )<\/li>\n<\/ul>\n<\/div>\n<div class=\"col-md-6\">\n<p><strong>EN TRAIN: <\/strong>Les deux solutions sont:<\/p>\n<ul>\n<li>Il ya deux solutions: &#8211; Descendre \u00e0 la gare de Rimini et arriver \u00e0 notre h\u00f4tel par la ligne de bus 4 (de B abri, direction Bellaria-San Mauro a Mare). L\u2019 arr\u00eat e plus proche est le num\u00e9ro 39.<\/li>\n<li>Descendre \u00e0 la gare de Rimini, puis prendre un train r\u00e9gional, pour Bellaria (sur la ligne-Ravenna-Rimini) Descendre \u00e0 la station Igea Marina, n&rsquo;est pas loin de l&rsquo;h\u00f4tel.<\/li>\n<\/ul>\n<\/div>\n<\/div>\n<\/div>\n","protected":false},"excerpt":{"rendered":"<p>Atteins moi est tr\u00e8s facile. EN VOITURE: Avec l&rsquo;A14, au nord et au sud, sortir \u00e0 Rimini Nord et prendre la sortie autoroute 16, \u00e0 Igea Marina. De l\u00e0, dirigez-Vous vers la mer et du centre. Nous sommes \u00e0 126 Via Virgilio, pr\u00e8s de GELSO Park. (Total 8 km loin ) EN TRAIN: Les deux solutions sont: Il ya deux solutions: &#8211; Descendre \u00e0 la gare de Rimini et arriver &#8230;<\/p>\n","protected":false},"author":1,"featured_media":0,"parent":0,"menu_order":0,"comment_status":"closed","ping_status":"closed","template":"","meta":{"_acf_changed":false},"class_list":["post-5304","page","type-page","status-publish","hentry"],"acf":[],"_links":{"self":[{"href":"https:\/\/www.hotelbellaigea.com\/fr\/wp-json\/wp\/v2\/pages\/5304","targetHints":{"allow":["GET"]}}],"collection":[{"href":"https:\/\/www.hotelbellaigea.com\/fr\/wp-json\/wp\/v2\/pages"}],"about":[{"href":"https:\/\/www.hotelbellaigea.com\/fr\/wp-json\/wp\/v2\/types\/page"}],"author":[{"embeddable":true,"href":"https:\/\/www.hotelbellaigea.com\/fr\/wp-json\/wp\/v2\/users\/1"}],"replies":[{"embeddable":true,"href":"https:\/\/www.hotelbellaigea.com\/fr\/wp-json\/wp\/v2\/comments?post=5304"}],"version-history":[{"count":0,"href":"https:\/\/www.hotelbellaigea.com\/fr\/wp-json\/wp\/v2\/pages\/5304\/revisions"}],"wp:attachment":[{"href":"https:\/\/www.hotelbellaigea.com\/fr\/wp-json\/wp\/v2\/media?parent=5304"}],"curies":[{"name":"wp","href":"https:\/\/api.w.org\/{rel}","templated":true}]}}