{"id":5367,"date":"2016-07-29T12:11:55","date_gmt":"2016-07-29T10:11:55","guid":{"rendered":"https:\/\/www.hotelbellaigea.com\/pagina-di-esempio\/"},"modified":"2019-11-15T14:39:58","modified_gmt":"2019-11-15T13:39:58","slug":"pagina-di-esempio","status":"publish","type":"page","link":"https:\/\/www.hotelbellaigea.com\/fr\/","title":{"rendered":"Bienvenue dans le lieu o\u00f9 tout est sp\u00e9cial"},"content":{"rendered":"<p>L&rsquo;H\u00f4tel Bella Igea, g\u00e9r\u00e9 depuis vingt-cinq ans avec amour par la <strong>famille Casadei<\/strong>, vous accueille avec de nombreuses nouveaut\u00e9s importantes. Lib\u00e9rez votre esprit et venez faire un plongeon dans la nouvelle piscine jacuzzi.<\/p>\n<p>Vous \u00eates dans le centre touristique d&rsquo;Igea Marina, <strong>\u00e0 quelques pas de la mer<\/strong>. Souriez et d\u00e9tendez-vous, toute la famille s&rsquo;amusera.<\/p>\n<div id='gallery-1' class='gallery galleryid-5367 gallery-columns-4 gallery-size-large'><figure class='gallery-item'>\n\t\t\t<div class='gallery-icon landscape'>\n\t\t\t\t<a href='https:\/\/www.hotelbellaigea.com\/wp-content\/uploads\/2017\/12\/home-camera.jpg' data-size=\"900x600\"><img loading=\"lazy\" decoding=\"async\" width=\"900\" height=\"600\" src=\"https:\/\/www.hotelbellaigea.com\/wp-content\/uploads\/2017\/12\/home-camera-900x600.jpg\" class=\"attachment-large size-large\" alt=\"\" \/><\/a>\n\t\t\t<\/div><\/figure><figure class='gallery-item'>\n\t\t\t<div class='gallery-icon landscape'>\n\t\t\t\t<a href='https:\/\/www.hotelbellaigea.com\/wp-content\/uploads\/2017\/12\/home-piscina.jpg' data-size=\"900x600\"><img loading=\"lazy\" decoding=\"async\" width=\"900\" height=\"600\" src=\"https:\/\/www.hotelbellaigea.com\/wp-content\/uploads\/2017\/12\/home-piscina-900x600.jpg\" class=\"attachment-large size-large\" alt=\"\" \/><\/a>\n\t\t\t<\/div><\/figure><figure class='gallery-item'>\n\t\t\t<div class='gallery-icon landscape'>\n\t\t\t\t<a href='https:\/\/www.hotelbellaigea.com\/wp-content\/uploads\/2017\/12\/home-colazione.jpg' data-size=\"900x600\"><img loading=\"lazy\" decoding=\"async\" width=\"900\" height=\"600\" src=\"https:\/\/www.hotelbellaigea.com\/wp-content\/uploads\/2017\/12\/home-colazione-900x600.jpg\" class=\"attachment-large size-large\" alt=\"\" \/><\/a>\n\t\t\t<\/div><\/figure><figure class='gallery-item'>\n\t\t\t<div class='gallery-icon landscape'>\n\t\t\t\t<a href='https:\/\/www.hotelbellaigea.com\/wp-content\/uploads\/2017\/12\/home-bimbi.jpg' data-size=\"900x600\"><img loading=\"lazy\" decoding=\"async\" width=\"900\" height=\"600\" src=\"https:\/\/www.hotelbellaigea.com\/wp-content\/uploads\/2017\/12\/home-bimbi-900x600.jpg\" class=\"attachment-large size-large\" alt=\"\" \/><\/a>\n\t\t\t<\/div><\/figure>\n\t\t<\/div>\n\n","protected":false},"excerpt":{"rendered":"<p>L&rsquo;H\u00f4tel Bella Igea, g\u00e9r\u00e9 depuis vingt-cinq ans avec amour par la famille Casadei, vous accueille avec de nombreuses nouveaut\u00e9s importantes. Lib\u00e9rez votre esprit et venez faire un plongeon dans la nouvelle piscine jacuzzi. Vous \u00eates dans le centre touristique d&rsquo;Igea Marina, \u00e0 quelques pas de la mer. Souriez et d\u00e9tendez-vous, toute la famille s&rsquo;amusera.<\/p>\n","protected":false},"author":1,"featured_media":0,"parent":0,"menu_order":0,"comment_status":"closed","ping_status":"open","template":"","meta":{"_acf_changed":false},"class_list":["post-5367","page","type-page","status-publish","hentry"],"acf":[],"_links":{"self":[{"href":"https:\/\/www.hotelbellaigea.com\/fr\/wp-json\/wp\/v2\/pages\/5367","targetHints":{"allow":["GET"]}}],"collection":[{"href":"https:\/\/www.hotelbellaigea.com\/fr\/wp-json\/wp\/v2\/pages"}],"about":[{"href":"https:\/\/www.hotelbellaigea.com\/fr\/wp-json\/wp\/v2\/types\/page"}],"author":[{"embeddable":true,"href":"https:\/\/www.hotelbellaigea.com\/fr\/wp-json\/wp\/v2\/users\/1"}],"replies":[{"embeddable":true,"href":"https:\/\/www.hotelbellaigea.com\/fr\/wp-json\/wp\/v2\/comments?post=5367"}],"version-history":[{"count":0,"href":"https:\/\/www.hotelbellaigea.com\/fr\/wp-json\/wp\/v2\/pages\/5367\/revisions"}],"wp:attachment":[{"href":"https:\/\/www.hotelbellaigea.com\/fr\/wp-json\/wp\/v2\/media?parent=5367"}],"curies":[{"name":"wp","href":"https:\/\/api.w.org\/{rel}","templated":true}]}}