{"id":5376,"date":"2017-12-04T10:02:58","date_gmt":"2017-12-04T09:02:58","guid":{"rendered":"https:\/\/www.hotelbellaigea.com\/camere\/"},"modified":"2019-11-15T16:04:44","modified_gmt":"2019-11-15T15:04:44","slug":"chambres","status":"publish","type":"page","link":"https:\/\/www.hotelbellaigea.com\/fr\/chambres\/","title":{"rendered":"Votre chambre, un lieu de bonheur"},"content":{"rendered":"<p>L&rsquo;H\u00f4tel Bella Igea est compos\u00e9 de chambres tr\u00e8s confortables et am\u00e9nag\u00e9es de fa\u00e7on moderne, dans des couleurs claires. Les tissus refl\u00e8tent les tons bleus de la mer, source de paix et de s\u00e9r\u00e9nit\u00e9. <strong>Chaque chambre est fra\u00eeche parce qu&rsquo;elle est climatis\u00e9e et donne sur la nature environnante<\/strong>. Laissez-vous enivrer par l&rsquo;agr\u00e9able parfum de propret\u00e9 et emporter par l&rsquo;air radieux de vacances qui remplit chacune des chambres de l&rsquo;H\u00f4tel.<\/p>\n<div id='gallery-1' class='gallery galleryid-5376 gallery-columns-4 gallery-size-medium'><figure class='gallery-item'>\n\t\t\t<div class='gallery-icon landscape'>\n\t\t\t\t<a href='https:\/\/www.hotelbellaigea.com\/wp-content\/uploads\/2017\/12\/st01.jpg' data-size=\"600x400\"><img loading=\"lazy\" decoding=\"async\" width=\"600\" height=\"400\" src=\"https:\/\/www.hotelbellaigea.com\/wp-content\/uploads\/2017\/12\/st01-600x400.jpg\" class=\"attachment-medium size-medium\" alt=\"\" \/><\/a>\n\t\t\t<\/div><\/figure><figure class='gallery-item'>\n\t\t\t<div class='gallery-icon landscape'>\n\t\t\t\t<a href='https:\/\/www.hotelbellaigea.com\/wp-content\/uploads\/2017\/12\/fm02.jpg' data-size=\"600x400\"><img loading=\"lazy\" decoding=\"async\" width=\"600\" height=\"400\" src=\"https:\/\/www.hotelbellaigea.com\/wp-content\/uploads\/2017\/12\/fm02-600x400.jpg\" class=\"attachment-medium size-medium\" alt=\"\" \/><\/a>\n\t\t\t<\/div><\/figure><figure class='gallery-item'>\n\t\t\t<div class='gallery-icon landscape'>\n\t\t\t\t<a href='https:\/\/www.hotelbellaigea.com\/wp-content\/uploads\/2017\/12\/st03.jpg' data-size=\"600x400\"><img loading=\"lazy\" decoding=\"async\" width=\"600\" height=\"400\" src=\"https:\/\/www.hotelbellaigea.com\/wp-content\/uploads\/2017\/12\/st03-600x400.jpg\" class=\"attachment-medium size-medium\" alt=\"\" \/><\/a>\n\t\t\t<\/div><\/figure><figure class='gallery-item'>\n\t\t\t<div class='gallery-icon landscape'>\n\t\t\t\t<a href='https:\/\/www.hotelbellaigea.com\/wp-content\/uploads\/2017\/12\/fm03.jpg' data-size=\"600x400\"><img loading=\"lazy\" decoding=\"async\" width=\"600\" height=\"400\" src=\"https:\/\/www.hotelbellaigea.com\/wp-content\/uploads\/2017\/12\/fm03-600x400.jpg\" class=\"attachment-medium size-medium\" alt=\"\" \/><\/a>\n\t\t\t<\/div><\/figure>\n\t\t<\/div>\n\n","protected":false},"excerpt":{"rendered":"<p>L&rsquo;H\u00f4tel Bella Igea est compos\u00e9 de chambres tr\u00e8s confortables et am\u00e9nag\u00e9es de fa\u00e7on moderne, dans des couleurs claires. Les tissus refl\u00e8tent les tons bleus de la mer, source de paix et de s\u00e9r\u00e9nit\u00e9. Chaque chambre est fra\u00eeche parce qu&rsquo;elle est climatis\u00e9e et donne sur la nature environnante. Laissez-vous enivrer par l&rsquo;agr\u00e9able parfum de propret\u00e9 et emporter par l&rsquo;air radieux de vacances qui remplit chacune des chambres de l&rsquo;H\u00f4tel.<\/p>\n","protected":false},"author":1,"featured_media":0,"parent":0,"menu_order":0,"comment_status":"closed","ping_status":"closed","template":"","meta":{"_acf_changed":false},"class_list":["post-5376","page","type-page","status-publish","hentry"],"acf":[],"_links":{"self":[{"href":"https:\/\/www.hotelbellaigea.com\/fr\/wp-json\/wp\/v2\/pages\/5376","targetHints":{"allow":["GET"]}}],"collection":[{"href":"https:\/\/www.hotelbellaigea.com\/fr\/wp-json\/wp\/v2\/pages"}],"about":[{"href":"https:\/\/www.hotelbellaigea.com\/fr\/wp-json\/wp\/v2\/types\/page"}],"author":[{"embeddable":true,"href":"https:\/\/www.hotelbellaigea.com\/fr\/wp-json\/wp\/v2\/users\/1"}],"replies":[{"embeddable":true,"href":"https:\/\/www.hotelbellaigea.com\/fr\/wp-json\/wp\/v2\/comments?post=5376"}],"version-history":[{"count":0,"href":"https:\/\/www.hotelbellaigea.com\/fr\/wp-json\/wp\/v2\/pages\/5376\/revisions"}],"wp:attachment":[{"href":"https:\/\/www.hotelbellaigea.com\/fr\/wp-json\/wp\/v2\/media?parent=5376"}],"curies":[{"name":"wp","href":"https:\/\/api.w.org\/{rel}","templated":true}]}}