{"id":5547,"date":"2017-12-01T14:34:38","date_gmt":"2017-12-01T13:34:38","guid":{"rendered":"https:\/\/www.hotelbellaigea.com\/bella-e-geo\/"},"modified":"2018-01-23T15:45:28","modified_gmt":"2018-01-23T14:45:28","slug":"bella-e-geo","status":"publish","type":"page","link":"https:\/\/www.hotelbellaigea.com\/fr\/bella-e-geo\/","title":{"rendered":"Bella et G\u00e9o, les gouttes d&rsquo;eau jumelles"},"content":{"rendered":"<div class=\"edt-row-shortcode row\"><div class=\"edt-div-shortcode edt-col-2\"><i><img loading=\"lazy\" decoding=\"async\" class=\"alignleft wp-image-5394\" src=\"https:\/\/www.hotelbellaigea.com\/wp-content\/uploads\/2017\/12\/mascotte-2-380x357.png\" alt=\"\" width=\"400\" height=\"376\" data-big-size=\"380x357\" \/><\/div><div class=\"edt-div-shortcode edt-col-2\"><\/i><\/p>\n<p>C&rsquo;est \u00e0 ce moment-l\u00e0 que deux gouttes d&rsquo;eau jumelles s&rsquo;arr\u00eat\u00e8rent sur la plage et d\u00e9cid\u00e8rent de l&rsquo;explorer.<\/p>\n<p>Bella, enthousiaste, se mit tout de suite \u00e0 courir sur le sable, heureuse de d\u00e9couvrir le monde au-del\u00e0 de la mer, tandis que son fr\u00e8re G\u00e9o, curieux, commen\u00e7a \u00e0 regarder autour de lui, \u00e0 la recherche de nouveaux amis.<\/p>\n<p>C&rsquo;est justement l\u00e0, sur la plage, qu&rsquo;ils virent tant de petits humains rigolos rire et jouer au ballon. Ils saut\u00e8rent imm\u00e9diatement sur l&rsquo;\u00e9paule de l&rsquo;un d&rsquo;eux et devinrent amis avec les enfants.<\/p>\n<p>Ce jour-l\u00e0, Bella et G\u00e9o se sont tellement amus\u00e9s que le soir ils suivirent les enfants \u00e0 l\u2019H\u00f4tel Bella Igea, leur maison de vacances.<\/p>\n<p>Lorsque le moment d&rsquo;aller se coucher arriva, les enfants d\u00e9pos\u00e8rent les deux gouttes d&rsquo;eau jumelles dans la grande piscine de l\u2019H\u00f4tel et les endormirent dans leur \u00e9l\u00e9ment naturel: l&rsquo;eau.<\/p>\n<p>Depuis ce moment-l\u00e0, Bella et G\u00e9o habitent \u00e0 l\u2019H\u00f4tel Bella Igea et chaque ann\u00e9e ils attendent l&rsquo;\u00e9t\u00e9 pour s&rsquo;amuser avec tous les enfants qui viennent en vacances.<\/p>\n<p>Veux-tu toi aussi faire la connaissance de Bella et G\u00e9o et passer un \u00e9t\u00e9 super amusant?<br \/>\n\u00c0 l\u2019H\u00f4tel Bella Igea, tu trouveras beaucoup de jeux, le coin pour les photos et le tatouage de tes gouttes d&rsquo;eau pr\u00e9f\u00e9r\u00e9es !<\/p>\n<p><\/div><\/div>\n","protected":false},"excerpt":{"rendered":"","protected":false},"author":1,"featured_media":0,"parent":0,"menu_order":0,"comment_status":"closed","ping_status":"closed","template":"","meta":{"_acf_changed":false},"class_list":["post-5547","page","type-page","status-publish","hentry"],"acf":[],"_links":{"self":[{"href":"https:\/\/www.hotelbellaigea.com\/fr\/wp-json\/wp\/v2\/pages\/5547","targetHints":{"allow":["GET"]}}],"collection":[{"href":"https:\/\/www.hotelbellaigea.com\/fr\/wp-json\/wp\/v2\/pages"}],"about":[{"href":"https:\/\/www.hotelbellaigea.com\/fr\/wp-json\/wp\/v2\/types\/page"}],"author":[{"embeddable":true,"href":"https:\/\/www.hotelbellaigea.com\/fr\/wp-json\/wp\/v2\/users\/1"}],"replies":[{"embeddable":true,"href":"https:\/\/www.hotelbellaigea.com\/fr\/wp-json\/wp\/v2\/comments?post=5547"}],"version-history":[{"count":0,"href":"https:\/\/www.hotelbellaigea.com\/fr\/wp-json\/wp\/v2\/pages\/5547\/revisions"}],"wp:attachment":[{"href":"https:\/\/www.hotelbellaigea.com\/fr\/wp-json\/wp\/v2\/media?parent=5547"}],"curies":[{"name":"wp","href":"https:\/\/api.w.org\/{rel}","templated":true}]}}